{"id":121,"date":"2021-04-06T15:24:36","date_gmt":"2021-04-06T15:24:36","guid":{"rendered":"https:\/\/nagi.es\/?page_id=121"},"modified":"2024-01-11T14:55:59","modified_gmt":"2024-01-11T14:55:59","slug":"politica-de-cookies","status":"publish","type":"page","link":"https:\/\/nagi.es\/en\/politica-de-cookies","title":{"rendered":"Cookies Policy"},"content":{"rendered":"\n<p>Las presentes condiciones generales regulan el acceso y uso de la p\u00e1gina web de Internet&nbsp;<a href=\"https:\/\/www.nagi.es\/\">www.nagi.es<\/a>&nbsp;(en adelante, el \u201csitio\u201d o \u201csitio web\u201d) que NOTHINGBUTNET, S.L. pone a disposici\u00f3n de los usuarios de Internet.<\/p>\n\n\n\n<p><strong>Datos identificativos del titular de la p\u00e1gina web <a href=\"https:\/\/www.nagi.es\/\">www.nagi.es<\/a>&nbsp;<\/strong><\/p>\n\n\n\n<p>El titular de la p\u00e1gina web <a href=\"https:\/\/www.nagi.es\/\">www.nagi.es<\/a>&nbsp;&nbsp;(en adelante, el sitio o el sitio web) es NOTHINGBUTNET S.L. (en adelante Zonyx)&nbsp;con CIF B-98721459,&nbsp;con domicilio en Calle Catedr\u00e1tico Agust\u00edn Escardino, 9, Parc Cientific Universitat de Valencia 46980 Paterna (Valencia) y domicilio a efecto de notificaciones en C\/ Juan de la Cierva, 27 Edificio Wellness 1 \u2013 46980 Paterna (Valencia),&nbsp;inscrita en el Registro Mercantil de Valencia el 31 de marzo de 2015 en el Tomo 9941 folio 61 hoja n\u00famero v-164577.<\/p>\n\n\n\n<p><strong>Objeto del sitio web<\/strong><\/p>\n\n\n\n<p>A trav\u00e9s del acceso al sitio, el usuario podr\u00e1 disfrutar de los contenidos y servicios ofrecidos por&nbsp;Zonyx. Zonyx podr\u00e1 modificar de forma unilateral y sin aviso previo, la prestaci\u00f3n configuraci\u00f3n contenido y servicios del sitio, as\u00ed como las condiciones de uso del mismo.<\/p>\n\n\n\n<p><strong>Condiciones de uso del sitio web<\/strong><\/p>\n\n\n\n<p>Las presentes condiciones regulan el acceso y uso del sitio web&nbsp;<a href=\"https:\/\/www.nagi.es\/\">www.nagi.es<\/a>&nbsp;titularidad de Zonyx. Dentro de la expresi\u00f3n \u201csitio o sitio web\u201d se comprenden -con car\u00e1cter de limitativo, pero no limitativo- los datos, textos, gr\u00e1ficos y, en general, todas las creaciones expresadas por cualquier medio o soporte, tangible o intangible amparadas por los derechos de propiedad y en particular, propiedad intelectual e industrial.<\/p>\n\n\n\n<p>Se adquiere la condici\u00f3n de usuario mediante el acceso al sitio web.&nbsp;Zonyx pone en conocimiento del usuario que las siguientes condiciones generales de uso son aceptadas expresa y plenamente por aquel por el mero hecho de acceder al sitio web y\/o la visualizaci\u00f3n de los contenidos publicados en el sitio web. Si estas condiciones generales fueran sustituidas por otras en todo o en parte, dichas nuevas condiciones generales se entender\u00e1n aceptadas de forma indicada a la expuesta. No obstante, es responsabilidad del usuario del sitio web acceder a estas condiciones generales de forma previa para conocer las sucesivas versiones que se incluyan aqu\u00ed. Zonyx recomienda que el usuario acceda a las mismas cada vez que pretenda acceder a los contenidos del sitio web.<\/p>\n\n\n\n<p>El usuario deber\u00e1 establecer las medidas de seguridad de car\u00e1cter t\u00e9cnico adecuadas para evitar acciones no deseadas en su sistema de informaci\u00f3n de archivos y equipos inform\u00e1ticos empleados para acceder a Internet y, en especial, al sitio web, siendo consciente de que Internet no es totalmente seguro.<\/p>\n\n\n\n<p><strong>Usos permitidos y usos prohibidos<\/strong><\/p>\n\n\n\n<p>El usuario podr\u00e1(I) Acceder de forma gratuita al sitio web; (II) Utilizar los contenidos disponibles y cuando corresponda, mediante acceso privado con sus claves y contrase\u00f1as siendo responsable del uso y custodia de las mismas; (III) Hacer un uso correcto y l\u00edcito del sitio de conformidad con la legislaci\u00f3n vigente, la moral, las buenas costumbres y el orden p\u00fablico.<\/p>\n\n\n\n<p>En ning\u00fan caso el usuario podr\u00e1: (I) Utilizar los contenidos ofrecidos a trav\u00e9s del sitio de forma contraria a las condiciones generales de uso; (II) Acceder o utilizar los contenidos del sitio con fines il\u00edcitos, lesivos de derechos y libertades de terceros, o que puedan perjudicar, da\u00f1ar o impedir por cualquier forma, el acceso a los mismos, en perjuicio de&nbsp;Zonyx o de terceros; (III) Emplear cualquier tipo de virus inform\u00e1tico, c\u00f3digo, software, programa inform\u00e1tico, equipo inform\u00e1tico o de telecomunicaciones, que puedan provocar da\u00f1os o alteraciones no autorizadas de los contenidos, programas o sistemas accesibles; (IV) Eliminar o modificar de cualquier modo los dispositivos de protecci\u00f3n identificaci\u00f3n de&nbsp;Zonyx o que puedan contener los contenidos alojados en el sitio web.<\/p>\n\n\n\n<p><strong>Derechos de Zonyx<\/strong><\/p>\n\n\n\n<p>Zonyx, se reserva los siguientes derechos:<\/p>\n\n\n\n<ul class=\"wp-block-list\">\n<li>Modificar las condiciones de acceso al sitio, t\u00e9cnicas o no, de forma unilateral y sin preaviso a los usuarios.<\/li>\n\n\n\n<li>Establecer condiciones particulares y, en su caso, la exigencia de un precio u otros requisitos para el acceso a determinados servicios y\/o contenidos.<\/li>\n\n\n\n<li>Limitar, excluir o condicionar el acceso de los usuarios cuando no se den todas las garant\u00edas de utilizaci\u00f3n correcta del sitio por los mismos conforme a las obligaciones y prohibiciones asumidas por los mismos.<\/li>\n\n\n\n<li>Finalizar la prestaci\u00f3n de un servicio o suministro de un contenido, sin derecho a indemnizaci\u00f3n, cuando el mismo resulte il\u00edcito o contrario a las condiciones establecidas para los mismos.<\/li>\n\n\n\n<li>Modificar unilateralmente y sin previo aviso, siempre que lo considere oportuno, la estructura y dise\u00f1o del sitio, as\u00ed como actualizar, modificar o suprimir todo o parte de los contenidos o servicios y condiciones de acceso y\/o uso del sitio, pudiendo incluso limitar o no permitir el acceso a dicha informaci\u00f3n.<\/li>\n\n\n\n<li>Denegar en cualquier momento y sin necesidad de aviso previo el acceso al sitio a aquellos usuarios que incumplan estas condiciones generales.<\/li>\n\n\n\n<li>Emprender cualquier acci\u00f3n legal o judicial que resulte conveniente para la protecci\u00f3n de los derechos de Zonyx y\/o de terceros que presten sus servicios u ofrezcan contenidos a trav\u00e9s del sitio, siempre que resulte procedente.<\/li>\n\n\n\n<li>Exigir la indemnizaci\u00f3n que pudiera derivar por el uso indebido o il\u00edcito de todo o parte de los servicios y contenidos prestados a trav\u00e9s del sitio.<\/li>\n<\/ul>\n\n\n\n<p><strong>Exenci\u00f3n y limitaci\u00f3n de responsabilidad de Zonyx<\/strong><\/p>\n\n\n\n<p>Zonyx, queda exenta de cualquier tipo de responsabilidad por da\u00f1os y perjuicios de toda naturaleza en los siguientes casos: (I) Por la imposibilidad o dificultades de conexi\u00f3n a la red de comunicaciones a trav\u00e9s de la que resulta accesible este sitio web, independientemente de la clase de conexi\u00f3n utilizada por el usuario. (II) Por la interrupci\u00f3n, suspensi\u00f3n o cancelaci\u00f3n del acceso al sitio web, as\u00ed como por disponibilidad y continuidad del funcionamiento del sitio. (III)&nbsp;Zonyx no asume ninguna responsabilidad respecto de los servicios y contenidos, ni por la disponibilidad y condiciones, t\u00e9cnicas o no, de acceso a los mismos, que sean ofrecidos por terceros&nbsp;prestadores de servicios, en especial respecto de los prestadores de servicios de la sociedad de la informaci\u00f3n. Por prestadores de servicios de la sociedad de la informaci\u00f3n se entender\u00e1n aquellas personas f\u00edsicas o jur\u00eddicas que presten servicios al p\u00fablico de transmisi\u00f3n por una red de comunicaci\u00f3n die datos facilitados por el destinatario del servicio, servicios de acceso a la citada red, servicios de almacenamiento o alojamiento de datos, suministro de contenidos o informaci\u00f3n, servicio de copia temporal de los datos solicitados por los usuarios y facilitaci\u00f3n de enlaces a contenidos o instrumentos de beda. (IV) El usuario del sitio responder\u00e1 personalmente de los da\u00f1os y perjuicios de cualquier naturaleza causados a&nbsp;Zonyx directa o indirectamente, por el incumplimiento de cualquiera de las obligaciones derivadas de estas condiciones generales u otras normas por las que se rija la utilizaci\u00f3n del sitio.<\/p>\n\n\n\n<p><strong>Propiedad intelectual, propiedad industrial y derechos de terceros<\/strong><\/p>\n\n\n\n<p>El usuario queda informado de que los contenidos y servicios ofrecidos a trav\u00e9s del sitio web -incluyendo textos, gr\u00e1ficos, im\u00e1genes, animaciones, creaciones musicales, v\u00eddeos, sonidos, dibujos, fotograf\u00edas, todos los comentarios, exposiciones y c\u00f3digo html del mismo, as\u00ed como las marcas, nombres comerciales o signos distintivos que aparecen sin que esta enumeraci\u00f3n tenga car\u00e1cter limitativo- se encuentran protegidos por las leyes de propiedad intelectual e industrial. El derecho de autor y de explotaci\u00f3n de este sitio web corresponde a Zonyx. La titularidad de los derechos sobre los contenidos anteriormente mencionados puede corresponder tanto a&nbsp;Zonyx como a terceras personas f\u00edsicas y\/o jur\u00eddicas.<\/p>\n\n\n\n<p>La prestaci\u00f3n de los servicios y publicaci\u00f3n de los contenidos a trav\u00e9s del sitio web no implicar\u00e1 en ning\u00fan caso la cesi\u00f3n, renuncia o transmisi\u00f3n total o parcial, de la titularidad de los correspondientes derechos de propiedad intelectual e industrial.<\/p>\n\n\n\n<p>Ninguna parte de este sitio web puede ser reproducido, distribuido, transmitido, copiado, comunicado p\u00fablicamente, transformado, en todo o en parte mediante ning\u00fan sistema o m\u00e9todo manual, electr\u00f3nico o mec\u00e1nico (incluyendo el fotocopiado, grabaci\u00f3n o cualquier sistema de recuperaci\u00f3n y almacenamiento de informaci\u00f3n) a trav\u00e9s de cualquier soporte actualmente conocido o que se invente en el futuro, sin consentimiento de Zonyx. La utilizaci\u00f3n, bajo cualquier modalidad, de todo o parte del contenido del sitio web queda sujeta a la necesidad de solicitar autorizaci\u00f3n previa de Zonyx, y la aceptaci\u00f3n de la correspondiente licencia, en su caso, excepto para lo dispuesto respecto de los derechos reconocidos y concedidos al usuario en estas condiciones generales o lo que as\u00ed se determine en las condiciones particulares que Zonyx establezca para regular el uso de un determinado servicio y\/o contenido ofrecido a trav\u00e9s del sitio web.<\/p>\n\n\n\n<p>Bajo ning\u00fan concepto, el usuario podr\u00e1 realizar un uso o utilizaci\u00f3n de los servicios y contenidos existentes en la p\u00e1gina que no sea exclusivamente personal, a salvo de las excepciones determinadas en las presentes condiciones generales de uso de este sitio web.<\/p>\n\n\n\n<p>Si la actuaci\u00f3n u omisi\u00f3n culpable o negligente directa o indirectamente imputable al usuario del sitio web que origine la infracci\u00f3n de los derechos de propiedad intelectual e industrial de Zonyx o de terceros -exista o no beneficio para el mismo- originase a Zonyx da\u00f1os, p\u00e9rdidas, obligaciones solidarias, gastos de cualquier naturaleza, sanciones, medidas coercitivas, multas y otras cantidades surgidas o derivadas de cualquier reclamaci\u00f3n, demanda, acci\u00f3n, pleito o procedimiento, sea civil, penal o administrativo, Zonyx podr\u00e1 dirigirse contra el usuario por todos los medios legales a su alcance y reclamar cualesquiera cantidades indemnizatorias, incluyendo \u2013 a t\u00edtulo enunciativo y no limitativo- da\u00f1os morales e imagen, da\u00f1o emergente y lucro cesante, costes publicitarios o de cualquier otra \u00edndole que pudieran resultar para su reparaci\u00f3n, importes de sanciones o sentencias condenatorias, el de los intereses de demora, el coste de la financiaci\u00f3n de ambas cantidades que pudiera resultar para la parte contraria, las costas judiciales y el importe de la defensa en cualquier proceso en el que pudiera resultar demandada por las causas anteriormente expuestas, por los da\u00f1os y perjuicios ocasionados por raz\u00f3n de su actuaci\u00f3n u omisi\u00f3n, sin perjuicio de ejercer cualesquiera otras acciones que en Derecho le corresponda.<\/p>\n\n\n\n<p><strong>Listado de cookies <\/strong><\/p>\n\n\n\n<figure class=\"wp-block-table\"><table><tbody><tr><td><strong>Cookie name<\/strong><\/td><td><strong>Issuer<\/strong><\/td><td><strong>Type<\/strong><\/td><td><strong>Retention period<\/strong><\/td><td><strong>More info<\/strong><\/td><\/tr><tr><td>woocommerce_cart_hash<\/td><td>WooCommerce<\/td><td>Functional<\/td><td>1 Day<\/td><td>To store items un shopping cart<\/td><\/tr><tr><td>Wp-Settings-Time-<\/td><td>WordPress<\/td><td>Functional<\/td><td>1 Year<\/td><td>to store user preferences<\/td><\/tr><tr><td>wp-wpml_current_language<\/td><td>WPML<\/td><td>Functional<\/td><td>1 Day<\/td><td>to&nbsp;store language settings<\/td><\/tr><tr><td>woocommerce_items_in_cart<\/td><td>WooCommerce<\/td><td>Functional<\/td><td>Session<\/td><td>To store items un shopping cart<\/td><\/tr><tr><td>WordPress_logged_in_<\/td><td>WordPress<\/td><td>Functional<\/td><td>persistent<\/td><td>to&nbsp;<a href=\"https:\/\/cookiedatabase.org\/cookiefunctions\/keep-users-logged-in\/\">Store logged in users<\/a><\/td><\/tr><tr><td>_lscache_vary<\/td><td>LiteSpeed<\/td><td>Functional<\/td><td>2 Days<\/td><td>to&nbsp;Provide the prevention of cached pages.<\/td><\/tr><tr><td>Wp-Settings-<\/td><td>WordPress<\/td><td>Functional<\/td><td>persistent<\/td><td>to store user preferences<\/td><\/tr><tr><td>prli_visitor<\/td><td>Pretty Links<\/td><td>Statistics<\/td><td>1 Year<\/td><td>Statistics<\/td><\/tr><tr><td>PHPSESSID<\/td><td>PHP<\/td><td>Functional<\/td><td>Session<\/td><td>to&nbsp;provide functions across pages.<\/td><\/tr><tr><td>wordpress_test_cookie<\/td><td>WordPress<\/td><td>Functional<\/td><td>Session<\/td><td>to&nbsp;read if cookies can be placed.<\/td><\/tr><tr><td>WordPress_sec_<\/td><td>WordPress<\/td><td>Functional<\/td><td>15 Days<\/td><td>to&nbsp;provide protection against hackers,&nbsp;store account details.<\/td><\/tr><tr><td>wp_woocommerce_session<\/td><td>WooCommerce<\/td><td>Functional<\/td><td>Session<\/td><td>To store performed actions on the website<\/td><\/tr><tr><td>tk_ai<\/td><td>Jetpack<\/td><td>Statistics<\/td><td>Session<\/td><td>To store a unique user ID<\/td><\/tr><\/tbody><\/table><\/figure>\n\n\n\n<p><strong>Hiperenlaces<\/strong><\/p>\n\n\n\n<p>Las personas o entidades que pretendan realizar o realicen un hiperenlace desde una p\u00e1gina web de otro portal de Internet a cualquiera de las p\u00e1ginas del sitio web deber\u00e1n someterse a las siguientes condiciones:<\/p>\n\n\n\n<ul class=\"wp-block-list\">\n<li>No se permite la reproducci\u00f3n ni total ni parcial de ninguno de los servicios ni contenidos del sitio web.<\/li>\n\n\n\n<li>No se establecer\u00e1n deep-links, ni enlaces IMG o de imagen, ni frames con las p\u00e1ginas del sitio sin la previa autorizaci\u00f3n expresa de Zonyx.<\/li>\n\n\n\n<li>No se incluir\u00e1 ninguna manifestaci\u00f3n falsa, inexacta o incorrecta sobre las p\u00e1ginas del sitio ni sobre los servicios o contenidos del mismo.<\/li>\n\n\n\n<li>Salvo aquellos signos que formen parte del \u201chiperenlace\u201d, la p\u00e1gina web en la que se establezca no contendr\u00e1 ninguna marca, nombre comercial, r\u00f3tulo de establecimiento, denominaci\u00f3n, logotipo, eslogan u otros signos distintivos pertenecientes a Zonyx, salvo autorizaci\u00f3n expresa de \u00e9sta.<\/li>\n\n\n\n<li>El establecimiento del \u201chiperenlace\u201d no implicar\u00e1 la existencia de ning\u00fan tipo de relaci\u00f3n entre Zonyx y el titular de la p\u00e1gina web o del portal desde el cual se realice.<\/li>\n\n\n\n<li>Zonyx no ser\u00e1 responsable de los contenidos o servicios puestos a disposici\u00f3n del p\u00fablico en la p\u00e1gina web o portal desde el cual se realice el \u201chiperenlace\u201d ni de las informaciones y manifestaciones incluidas en las mismas.<\/li>\n\n\n\n<li>Cualquier \u201chiperenlace\u201d al sitio web se efectuar\u00e1 a su p\u00e1gina principal o p\u00e1ginas principales de las secciones que contiene.<\/li>\n<\/ul>\n\n\n\n<p><strong>Enlaces<\/strong><\/p>\n\n\n\n<p>Zonyx rechaza cualquier responsabilidad sobre la informaci\u00f3n contenida en p\u00e1ginas web de terceros conectadas por enlaces con el sitio web, o que no sean gestionadas directamente por nuestro administrador del sitio.<\/p>\n\n\n\n<p>La funci\u00f3n de los enlaces que aparecen en este sitio web tiene s\u00f3lo finalidad informativa y en ning\u00fan caso suponen una sugerencia, invitaci\u00f3n o recomendaci\u00f3n para la visita de los lugares de destino.<\/p>\n\n\n\n<p><strong>Duraci\u00f3n y terminaci\u00f3n<\/strong><\/p>\n\n\n\n<p>El sitio web y la prestaci\u00f3n de los servicios ofrecidos a trav\u00e9s del mismo tienen, en principio, una duraci\u00f3n indefinida. Zonyx, no obstante, est\u00e1 autorizada para dar por terminado o suspender el sitio web y\/o la prestaci\u00f3n de cualquiera de los servicios en cualquier momento, sin perjuicio de lo que se hubiere dispuesto al respecto en las correspondientes condiciones particulares. Cuando ello sea razonablemente posible, Zonyx advertir\u00e1 previamente la terminaci\u00f3n o suspensi\u00f3n del sitio web y\/o de la prestaci\u00f3n de los servicios ofrecidos a trav\u00e9s del mismo.<\/p>\n\n\n\n<p><strong>Acuerdo completo<\/strong><\/p>\n\n\n\n<p>Estas condiciones generales contienen todas las condiciones convenidas por las partes con relaci\u00f3n al objeto de las mismas y se considerar\u00e1n como inexistentes cualesquiera declaraciones, compromisos o promesas, verbales, escritas o impl\u00edcitas, anteriores a estas condiciones con relaci\u00f3n al objeto de las mismas.<\/p>\n\n\n\n<p>El hecho de que cualquiera de las partes no exija en un momento determinado el respeto de alguna de las condiciones establecidas en estas condiciones generales no puede ser interpretado por la otra como la renuncia a exigir ulteriormente su cumplimiento.<\/p>\n\n\n\n<p><strong>Nulidad y Anulabilidad<\/strong><\/p>\n\n\n\n<p>En el supuesto de que cualquier cl\u00e1usula de estas condiciones generales resulte anulable o nula, en su totalidad o en parte, esta nulidad o anulabilidad no afectar\u00e1 a la validez de otras cl\u00e1usulas de las mismas, las cuales permanecer\u00e1n con plena eficacia y validez, salvo que la parte que alegue su nulidad o anulabilidad pruebe que sin la cl\u00e1usula que resultare nula o anulable no podr\u00e1n cumplirse los fines perseguidos por las presentes condiciones.<\/p>\n\n\n\n<p><strong>Legislaci\u00f3n aplicable y Jurisdicci\u00f3n<\/strong><\/p>\n\n\n\n<p>Las partes, con expresa renuncia a su propio fuero, aceptan como legislaci\u00f3n rectora del presente contrato, la espa\u00f1ola, y se someten para la resoluci\u00f3n de cuantos litigios pudieran derivarse del mismo a los Juzgados y Tribunales de Valencia capital.<\/p>\n","protected":false},"excerpt":{"rendered":"<p>Las presentes condiciones generales regulan el acceso y uso de la p\u00e1gina web de Internet&nbsp;www.nagi.es&nbsp;(en adelante, el \u201csitio\u201d o \u201csitio web\u201d) que NOTHINGBUTNET, S.L. pone a disposici\u00f3n de los usuarios de Internet. Datos identificativos del titular de la p\u00e1gina web www.nagi.es&nbsp; El titular de la p\u00e1gina web www.nagi.es&nbsp;&nbsp;(en adelante, el sitio o el sitio web) [&hellip;]<\/p>\n","protected":false},"author":2,"featured_media":0,"parent":0,"menu_order":0,"comment_status":"closed","ping_status":"closed","template":"","meta":{"_monsterinsights_skip_tracking":false,"_monsterinsights_sitenote_active":false,"_monsterinsights_sitenote_note":"","_monsterinsights_sitenote_category":0,"footnotes":""},"class_list":["post-121","page","type-page","status-publish","hentry"],"blocksy_meta":{"styles_descriptor":{"styles":{"desktop":"","tablet":"","mobile":""},"google_fonts":[],"version":6}},"yoast_head":"<!-- This site is optimized with the Yoast SEO plugin v27.3 - https:\/\/yoast.com\/product\/yoast-seo-wordpress\/ -->\n<title>Cookies Policy - nagi<\/title>\n<meta name=\"robots\" content=\"index, follow, max-snippet:-1, max-image-preview:large, max-video-preview:-1\" \/>\n<link rel=\"canonical\" href=\"https:\/\/nagi.es\/politica-de-cookies\" \/>\n<meta property=\"og:locale\" content=\"en_US\" \/>\n<meta property=\"og:type\" content=\"article\" \/>\n<meta property=\"og:title\" content=\"Cookies Policy - nagi\" \/>\n<meta property=\"og:description\" content=\"Las presentes condiciones generales regulan el acceso y uso de la p\u00e1gina web de Internet&nbsp;www.nagi.es&nbsp;(en adelante, el \u201csitio\u201d o \u201csitio web\u201d) que NOTHINGBUTNET, S.L. pone a disposici\u00f3n de los usuarios de Internet. Datos identificativos del titular de la p\u00e1gina web www.nagi.es&nbsp; El titular de la p\u00e1gina web www.nagi.es&nbsp;&nbsp;(en adelante, el sitio o el sitio web) [&hellip;]\" \/>\n<meta property=\"og:url\" content=\"https:\/\/nagi.es\/politica-de-cookies\" \/>\n<meta property=\"og:site_name\" content=\"nagi\" \/>\n<meta property=\"article:modified_time\" content=\"2024-01-11T14:55:59+00:00\" \/>\n<meta name=\"twitter:card\" content=\"summary_large_image\" \/>\n<meta name=\"twitter:label1\" content=\"Est. reading time\" \/>\n\t<meta name=\"twitter:data1\" content=\"11 minutes\" \/>\n<script type=\"application\/ld+json\" class=\"yoast-schema-graph\">{\"@context\":\"https:\\\/\\\/schema.org\",\"@graph\":[{\"@type\":\"WebPage\",\"@id\":\"https:\\\/\\\/nagi.es\\\/politica-de-cookies\",\"url\":\"https:\\\/\\\/nagi.es\\\/politica-de-cookies\",\"name\":\"Cookies Policy - nagi\",\"isPartOf\":{\"@id\":\"https:\\\/\\\/nagi.es\\\/#website\"},\"datePublished\":\"2021-04-06T15:24:36+00:00\",\"dateModified\":\"2024-01-11T14:55:59+00:00\",\"breadcrumb\":{\"@id\":\"https:\\\/\\\/nagi.es\\\/politica-de-cookies#breadcrumb\"},\"inLanguage\":\"en-US\",\"potentialAction\":[{\"@type\":\"ReadAction\",\"target\":[\"https:\\\/\\\/nagi.es\\\/politica-de-cookies\"]}]},{\"@type\":\"BreadcrumbList\",\"@id\":\"https:\\\/\\\/nagi.es\\\/politica-de-cookies#breadcrumb\",\"itemListElement\":[{\"@type\":\"ListItem\",\"position\":1,\"name\":\"Home\",\"item\":\"https:\\\/\\\/nagi.es\\\/\"},{\"@type\":\"ListItem\",\"position\":2,\"name\":\"Cookies Policy\"}]},{\"@type\":\"WebSite\",\"@id\":\"https:\\\/\\\/nagi.es\\\/#website\",\"url\":\"https:\\\/\\\/nagi.es\\\/\",\"name\":\"nagi\",\"description\":\"Smartpools\",\"publisher\":{\"@id\":\"https:\\\/\\\/nagi.es\\\/#organization\"},\"potentialAction\":[{\"@type\":\"SearchAction\",\"target\":{\"@type\":\"EntryPoint\",\"urlTemplate\":\"https:\\\/\\\/nagi.es\\\/?s={search_term_string}\"},\"query-input\":{\"@type\":\"PropertyValueSpecification\",\"valueRequired\":true,\"valueName\":\"search_term_string\"}}],\"inLanguage\":\"en-US\"},{\"@type\":\"Organization\",\"@id\":\"https:\\\/\\\/nagi.es\\\/#organization\",\"name\":\"nagi\",\"url\":\"https:\\\/\\\/nagi.es\\\/\",\"logo\":{\"@type\":\"ImageObject\",\"inLanguage\":\"en-US\",\"@id\":\"https:\\\/\\\/nagi.es\\\/#\\\/schema\\\/logo\\\/image\\\/\",\"url\":\"https:\\\/\\\/i0.wp.com\\\/nagi.es\\\/wp-content\\\/uploads\\\/2021\\\/03\\\/grey-copy.png?fit=997%2C499&ssl=1\",\"contentUrl\":\"https:\\\/\\\/i0.wp.com\\\/nagi.es\\\/wp-content\\\/uploads\\\/2021\\\/03\\\/grey-copy.png?fit=997%2C499&ssl=1\",\"width\":997,\"height\":499,\"caption\":\"nagi\"},\"image\":{\"@id\":\"https:\\\/\\\/nagi.es\\\/#\\\/schema\\\/logo\\\/image\\\/\"}}]}<\/script>\n<!-- \/ Yoast SEO plugin. -->","yoast_head_json":{"title":"Cookies Policy - nagi","robots":{"index":"index","follow":"follow","max-snippet":"max-snippet:-1","max-image-preview":"max-image-preview:large","max-video-preview":"max-video-preview:-1"},"canonical":"https:\/\/nagi.es\/politica-de-cookies","og_locale":"en_US","og_type":"article","og_title":"Cookies Policy - nagi","og_description":"Las presentes condiciones generales regulan el acceso y uso de la p\u00e1gina web de Internet&nbsp;www.nagi.es&nbsp;(en adelante, el \u201csitio\u201d o \u201csitio web\u201d) que NOTHINGBUTNET, S.L. pone a disposici\u00f3n de los usuarios de Internet. Datos identificativos del titular de la p\u00e1gina web www.nagi.es&nbsp; El titular de la p\u00e1gina web www.nagi.es&nbsp;&nbsp;(en adelante, el sitio o el sitio web) [&hellip;]","og_url":"https:\/\/nagi.es\/politica-de-cookies","og_site_name":"nagi","article_modified_time":"2024-01-11T14:55:59+00:00","twitter_card":"summary_large_image","twitter_misc":{"Est. reading time":"11 minutes"},"schema":{"@context":"https:\/\/schema.org","@graph":[{"@type":"WebPage","@id":"https:\/\/nagi.es\/politica-de-cookies","url":"https:\/\/nagi.es\/politica-de-cookies","name":"Cookies Policy - nagi","isPartOf":{"@id":"https:\/\/nagi.es\/#website"},"datePublished":"2021-04-06T15:24:36+00:00","dateModified":"2024-01-11T14:55:59+00:00","breadcrumb":{"@id":"https:\/\/nagi.es\/politica-de-cookies#breadcrumb"},"inLanguage":"en-US","potentialAction":[{"@type":"ReadAction","target":["https:\/\/nagi.es\/politica-de-cookies"]}]},{"@type":"BreadcrumbList","@id":"https:\/\/nagi.es\/politica-de-cookies#breadcrumb","itemListElement":[{"@type":"ListItem","position":1,"name":"Home","item":"https:\/\/nagi.es\/"},{"@type":"ListItem","position":2,"name":"Cookies Policy"}]},{"@type":"WebSite","@id":"https:\/\/nagi.es\/#website","url":"https:\/\/nagi.es\/","name":"nagi","description":"Smartpools","publisher":{"@id":"https:\/\/nagi.es\/#organization"},"potentialAction":[{"@type":"SearchAction","target":{"@type":"EntryPoint","urlTemplate":"https:\/\/nagi.es\/?s={search_term_string}"},"query-input":{"@type":"PropertyValueSpecification","valueRequired":true,"valueName":"search_term_string"}}],"inLanguage":"en-US"},{"@type":"Organization","@id":"https:\/\/nagi.es\/#organization","name":"nagi","url":"https:\/\/nagi.es\/","logo":{"@type":"ImageObject","inLanguage":"en-US","@id":"https:\/\/nagi.es\/#\/schema\/logo\/image\/","url":"https:\/\/i0.wp.com\/nagi.es\/wp-content\/uploads\/2021\/03\/grey-copy.png?fit=997%2C499&ssl=1","contentUrl":"https:\/\/i0.wp.com\/nagi.es\/wp-content\/uploads\/2021\/03\/grey-copy.png?fit=997%2C499&ssl=1","width":997,"height":499,"caption":"nagi"},"image":{"@id":"https:\/\/nagi.es\/#\/schema\/logo\/image\/"}}]}},"jetpack_sharing_enabled":true,"_links":{"self":[{"href":"https:\/\/nagi.es\/en\/wp-json\/wp\/v2\/pages\/121","targetHints":{"allow":["GET"]}}],"collection":[{"href":"https:\/\/nagi.es\/en\/wp-json\/wp\/v2\/pages"}],"about":[{"href":"https:\/\/nagi.es\/en\/wp-json\/wp\/v2\/types\/page"}],"author":[{"embeddable":true,"href":"https:\/\/nagi.es\/en\/wp-json\/wp\/v2\/users\/2"}],"replies":[{"embeddable":true,"href":"https:\/\/nagi.es\/en\/wp-json\/wp\/v2\/comments?post=121"}],"version-history":[{"count":3,"href":"https:\/\/nagi.es\/en\/wp-json\/wp\/v2\/pages\/121\/revisions"}],"predecessor-version":[{"id":2008,"href":"https:\/\/nagi.es\/en\/wp-json\/wp\/v2\/pages\/121\/revisions\/2008"}],"wp:attachment":[{"href":"https:\/\/nagi.es\/en\/wp-json\/wp\/v2\/media?parent=121"}],"curies":[{"name":"wp","href":"https:\/\/api.w.org\/{rel}","templated":true}]}}