{"id":2465,"date":"2025-02-11T11:51:53","date_gmt":"2025-02-11T11:51:53","guid":{"rendered":"https:\/\/nagi.es\/ou-nous-sommes"},"modified":"2025-12-15T23:50:15","modified_gmt":"2025-12-15T23:50:15","slug":"ou-nous-sommes","status":"publish","type":"page","link":"https:\/\/nagi.es\/fr\/ou-nous-sommes","title":{"rendered":"Ou nous sommes"},"content":{"rendered":"\t\t<div data-elementor-type=\"wp-page\" data-elementor-id=\"2465\" class=\"elementor elementor-2465\" data-elementor-post-type=\"page\">\n\t\t\t\t\t\t<section class=\"elementor-section elementor-top-section elementor-element elementor-element-f35ecd1 ct-section-stretched elementor-section-boxed elementor-section-height-default elementor-section-height-default\" data-id=\"f35ecd1\" data-element_type=\"section\" data-e-type=\"section\" data-settings=\"{&quot;background_background&quot;:&quot;classic&quot;}\">\n\t\t\t\t\t\t\t<div class=\"elementor-background-overlay\"><\/div>\n\t\t\t\t\t\t\t<div class=\"elementor-container elementor-column-gap-default\">\n\t\t\t\t\t<div class=\"elementor-column elementor-col-50 elementor-top-column elementor-element elementor-element-5877dc2 elementor-invisible\" data-id=\"5877dc2\" data-element_type=\"column\" data-e-type=\"column\" data-settings=\"{&quot;animation&quot;:&quot;fadeIn&quot;}\">\n\t\t\t<div class=\"elementor-widget-wrap elementor-element-populated\">\n\t\t\t\t\t\t<div class=\"elementor-element elementor-element-3e84e12 elementor-widget__width-initial elementor-widget elementor-widget-text-editor\" data-id=\"3e84e12\" data-element_type=\"widget\" data-e-type=\"widget\" data-widget_type=\"text-editor.default\">\n\t\t\t\t<div class=\"elementor-widget-container\">\n\t\t\t\t\t\t\t\t\t<p class=\"cvGsUA direction-ltr align-start para-style-body\"><span class=\"a_GcMg font-feature-liga-off font-feature-clig-off font-feature-calt-off text-decoration-none text-strikethrough-none\">En Espagne, plus\u00a0 de 400 personnes meurent chaque ann\u00e9e <\/span><span class=\"a_GcMg font-feature-liga-off font-feature-clig-off font-feature-calt-off text-decoration-none text-strikethrough-none\" style=\"color: #f9c000;\">par noyade.<br \/><\/span><\/p><p>\u00a0<\/p><p class=\"cvGsUA direction-ltr align-start para-style-body\"><span class=\"a_GcMg font-feature-liga-off font-feature-clig-off font-feature-calt-off text-decoration-none text-strikethrough-none\">70% des d\u00e9c\u00e8s surviennent dans des piscines ocurren en <\/span><span class=\"a_GcMg font-feature-liga-off font-feature-clig-off font-feature-calt-off text-decoration-none text-strikethrough-none\" style=\"color: #f9c000;\">piscines priv\u00e9es ou scolaires.\u00a0<br \/><\/span><\/p><p class=\"cvGsUA direction-ltr align-start para-style-body\"><span class=\"a_GcMg font-feature-liga-off font-feature-clig-off font-feature-calt-off text-decoration-none text-strikethrough-none\"><br \/>Des <span class=\"a_GcMg font-feature-liga-off font-feature-clig-off font-feature-calt-off text-decoration-none text-strikethrough-none\" style=\"color: #f9c000;\">dl\u00e9sions c\u00e9r\u00e9brales<\/span> peuvent survenir en 30 secondes.<\/span><\/p>\t\t\t\t\t\t\t\t<\/div>\n\t\t\t\t<\/div>\n\t\t\t\t\t<\/div>\n\t\t<\/div>\n\t\t\t\t<div class=\"elementor-column elementor-col-50 elementor-top-column elementor-element elementor-element-f687552\" data-id=\"f687552\" data-element_type=\"column\" data-e-type=\"column\">\n\t\t\t<div class=\"elementor-widget-wrap elementor-element-populated\">\n\t\t\t\t\t\t<div class=\"elementor-element elementor-element-1fed09a elementor-widget__width-initial elementor-widget elementor-widget-text-editor\" data-id=\"1fed09a\" data-element_type=\"widget\" data-e-type=\"widget\" data-widget_type=\"text-editor.default\">\n\t\t\t\t<div class=\"elementor-widget-container\">\n\t\t\t\t\t\t\t\t\t<p><strong>Je veux en savoir plus sur nagi<\/strong><\/p>\t\t\t\t\t\t\t\t<\/div>\n\t\t\t\t<\/div>\n\t\t\t\t<div class=\"elementor-element elementor-element-b15144b elementor-widget__width-initial elementor-widget-mobile__width-initial elementor-button-align-stretch elementor-widget elementor-widget-form\" data-id=\"b15144b\" data-element_type=\"widget\" data-e-type=\"widget\" data-settings=\"{&quot;step_next_label&quot;:&quot;Siguiente&quot;,&quot;step_previous_label&quot;:&quot;Anterior&quot;,&quot;button_width&quot;:&quot;100&quot;,&quot;step_type&quot;:&quot;number_text&quot;,&quot;step_icon_shape&quot;:&quot;circle&quot;}\" data-widget_type=\"form.default\">\n\t\t\t\t<div class=\"elementor-widget-container\">\n\t\t\t\t\t\t\t<form class=\"elementor-form\" method=\"post\" name=\"Nuevo formulario\" aria-label=\"Nuevo formulario\">\n\t\t\t<input type=\"hidden\" name=\"post_id\" value=\"2465\"\/>\n\t\t\t<input type=\"hidden\" name=\"form_id\" value=\"b15144b\"\/>\n\t\t\t<input type=\"hidden\" name=\"referer_title\" value=\"Contact \u2013 Talk to the Team - nagi\" \/>\n\n\t\t\t\t\t\t\t<input type=\"hidden\" name=\"queried_id\" value=\"2465\"\/>\n\t\t\t\n\t\t\t<div class=\"elementor-form-fields-wrapper elementor-labels-above\">\n\t\t\t\t\t\t\t\t<div class=\"elementor-field-type-text elementor-field-group elementor-column elementor-field-group-name elementor-col-100\">\n\t\t\t\t\t\t\t\t\t\t\t\t<label for=\"form-field-name\" class=\"elementor-field-label\">\n\t\t\t\t\t\t\t\tNom et pr\u00e9nom\t\t\t\t\t\t\t<\/label>\n\t\t\t\t\t\t\t\t\t\t\t\t\t\t<input size=\"1\" type=\"text\" name=\"form_fields[name]\" id=\"form-field-name\" class=\"elementor-field elementor-size-sm  elementor-field-textual\" placeholder=\"Ton nom\">\n\t\t\t\t\t\t\t\t\t\t\t<\/div>\n\t\t\t\t\t\t\t\t<div class=\"elementor-field-type-email elementor-field-group elementor-column elementor-field-group-email elementor-col-100 elementor-field-required\">\n\t\t\t\t\t\t\t\t\t\t\t\t<label for=\"form-field-email\" class=\"elementor-field-label\">\n\t\t\t\t\t\t\t\tE-mail\t\t\t\t\t\t\t<\/label>\n\t\t\t\t\t\t\t\t\t\t\t\t\t\t<input size=\"1\" type=\"email\" name=\"form_fields[email]\" id=\"form-field-email\" class=\"elementor-field elementor-size-sm  elementor-field-textual\" placeholder=\"Ton E-mail\" required=\"required\">\n\t\t\t\t\t\t\t\t\t\t\t<\/div>\n\t\t\t\t\t\t\t\t<div class=\"elementor-field-type-number elementor-field-group elementor-column elementor-field-group-field_13a282b elementor-col-100 elementor-field-required\">\n\t\t\t\t\t\t\t\t\t\t\t\t<label for=\"form-field-field_13a282b\" class=\"elementor-field-label\">\n\t\t\t\t\t\t\t\tNum\u00e9ro de t\u00e9l\u00e9phone\t\t\t\t\t\t\t<\/label>\n\t\t\t\t\t\t\t\t\t<input type=\"number\" name=\"form_fields[field_13a282b]\" id=\"form-field-field_13a282b\" class=\"elementor-field elementor-size-sm  elementor-field-textual\" placeholder=\"Ton num\u00e9ro\" required=\"required\" min=\"\" max=\"\" >\n\t\t\t\t\t\t<\/div>\n\t\t\t\t\t\t\t\t<div class=\"elementor-field-type-textarea elementor-field-group elementor-column elementor-field-group-message elementor-col-100\">\n\t\t\t\t\t\t\t\t\t\t\t\t<label for=\"form-field-message\" class=\"elementor-field-label\">\n\t\t\t\t\t\t\t\tMessage\t\t\t\t\t\t\t<\/label>\n\t\t\t\t\t\t<textarea class=\"elementor-field-textual elementor-field  elementor-size-sm\" name=\"form_fields[message]\" id=\"form-field-message\" rows=\"4\"><\/textarea>\t\t\t\t<\/div>\n\t\t\t\t\t\t\t\t<div class=\"elementor-field-group elementor-column elementor-field-type-submit elementor-col-100 e-form__buttons\">\n\t\t\t\t\t<button class=\"elementor-button elementor-size-sm\" type=\"submit\">\n\t\t\t\t\t\t<span class=\"elementor-button-content-wrapper\">\n\t\t\t\t\t\t\t\t\t\t\t\t\t\t\t\t\t\t\t\t\t\t<span class=\"elementor-button-text\">Pedir informaci\u00f3n<\/span>\n\t\t\t\t\t\t\t\t\t\t\t\t\t<\/span>\n\t\t\t\t\t<\/button>\n\t\t\t\t<\/div>\n\t\t\t<\/div>\n\t\t<\/form>\n\t\t\t\t\t\t<\/div>\n\t\t\t\t<\/div>\n\t\t\t\t\t<\/div>\n\t\t<\/div>\n\t\t\t\t\t<\/div>\n\t\t<\/section>\n\t\t\t\t<section class=\"elementor-section elementor-top-section elementor-element elementor-element-6b0691a ct-section-stretched elementor-section-boxed elementor-section-height-default elementor-section-height-default\" data-id=\"6b0691a\" data-element_type=\"section\" data-e-type=\"section\">\n\t\t\t\t\t\t<div class=\"elementor-container elementor-column-gap-default\">\n\t\t\t\t\t<div class=\"elementor-column elementor-col-100 elementor-top-column elementor-element elementor-element-23379b8\" data-id=\"23379b8\" data-element_type=\"column\" data-e-type=\"column\">\n\t\t\t<div class=\"elementor-widget-wrap elementor-element-populated\">\n\t\t\t\t\t\t<div class=\"elementor-element elementor-element-0c60688 elementor-widget elementor-widget-heading\" data-id=\"0c60688\" data-element_type=\"widget\" data-e-type=\"widget\" data-widget_type=\"heading.default\">\n\t\t\t\t<div class=\"elementor-widget-container\">\n\t\t\t\t\t<h1 class=\"elementor-heading-title elementor-size-default\">Contact direct<\/h1>\t\t\t\t<\/div>\n\t\t\t\t<\/div>\n\t\t\t\t<div class=\"elementor-element elementor-element-474abac elementor-widget elementor-widget-text-editor\" data-id=\"474abac\" data-element_type=\"widget\" data-e-type=\"widget\" data-widget_type=\"text-editor.default\">\n\t\t\t\t<div class=\"elementor-widget-container\">\n\t\t\t\t\t\t\t\t\t<p>Si vous pr\u00e9f\u00e9rez nous contacter par e-mail, veuillez nous \u00e9crire et nous\u00a0 vous r\u00e9spondrons sous 48h: <strong><a title=\"mailto:hello@nagi.es\" href=\"mailto:hello@nagi.es\" data-linkindex=\"0\" data-olk-copy-source=\"MessageBody\">hello@nagi.es<\/a><\/strong><\/p><p id=\"tw-target-text\" class=\"tw-data-text tw-text-large tw-ta\" dir=\"ltr\" tabindex=\"-1\" role=\"text\" data-placeholder=\"Traducci\u00f3n\" data-ved=\"2ahUKEwjfzMitheGPAxWQRjABHQyuJ-cQ3ewLegQICxAV\" aria-label=\"Texto traducido: Si vous pr\u00e9f\u00e9rez nous contacter par e-mail, veuillez nous \u00e9crire et nous vous r\u00e9pondrons sous 48 heures\u00a0: help@nagi.es. Vous pouvez \u00e9galement nous trouver \u00e0 nos bureaux de Madrid et de Valence\u00a0:\"><span class=\"Y2IQFc\" lang=\"fr\">Vous pouvez \u00e9galement nous trouver \u00e0 nos bureaux de Madrid et de Valence:<\/span><\/p>\t\t\t\t\t\t\t\t<\/div>\n\t\t\t\t<\/div>\n\t\t\t\t\t<\/div>\n\t\t<\/div>\n\t\t\t\t\t<\/div>\n\t\t<\/section>\n\t\t\t\t<section class=\"elementor-section elementor-top-section elementor-element elementor-element-03f9dde elementor-section-boxed elementor-section-height-default elementor-section-height-default\" data-id=\"03f9dde\" data-element_type=\"section\" data-e-type=\"section\">\n\t\t\t\t\t\t<div class=\"elementor-container elementor-column-gap-default\">\n\t\t\t\t\t<div class=\"elementor-column elementor-col-50 elementor-top-column elementor-element elementor-element-dde423e\" data-id=\"dde423e\" data-element_type=\"column\" data-e-type=\"column\">\n\t\t\t<div class=\"elementor-widget-wrap elementor-element-populated\">\n\t\t\t\t\t\t<div class=\"elementor-element elementor-element-49c1852 elementor-widget elementor-widget-text-editor\" data-id=\"49c1852\" data-element_type=\"widget\" data-e-type=\"widget\" data-widget_type=\"text-editor.default\">\n\t\t\t\t<div class=\"elementor-widget-container\">\n\t\t\t\t\t\t\t\t\t<p><strong>Madrid:<\/strong>\u00a0 Av. de los Pirineos, 7, nave 2 &#8211; <span data-teams=\"true\">287003 San Sebasti\u00e1n de los Reyes.<\/span><\/p>\t\t\t\t\t\t\t\t<\/div>\n\t\t\t\t<\/div>\n\t\t\t\t<div class=\"elementor-element elementor-element-667513e elementor-widget elementor-widget-google_maps\" data-id=\"667513e\" data-element_type=\"widget\" data-e-type=\"widget\" data-widget_type=\"google_maps.default\">\n\t\t\t\t<div class=\"elementor-widget-container\">\n\t\t\t\t\t\t\t<div class=\"elementor-custom-embed\">\n\t\t\t<iframe loading=\"lazy\"\n\t\t\t\t\tsrc=\"https:\/\/maps.google.com\/maps?q=Avenida%20de%20los%20Pirineos%207%2C%20Nave%202A%2C%20San%20Sebasti%C3%A1n%20de%20los%20Reyes&#038;t=m&#038;z=14&#038;output=embed&#038;iwloc=near\"\n\t\t\t\t\ttitle=\"Avenida de los Pirineos 7, Nave 2A, San Sebasti\u00e1n de los Reyes\"\n\t\t\t\t\taria-label=\"Avenida de los Pirineos 7, Nave 2A, San Sebasti\u00e1n de los Reyes\"\n\t\t\t><\/iframe>\n\t\t<\/div>\n\t\t\t\t\t\t<\/div>\n\t\t\t\t<\/div>\n\t\t\t\t\t<\/div>\n\t\t<\/div>\n\t\t\t\t<div class=\"elementor-column elementor-col-50 elementor-top-column elementor-element elementor-element-14b50a7\" data-id=\"14b50a7\" data-element_type=\"column\" data-e-type=\"column\">\n\t\t\t<div class=\"elementor-widget-wrap elementor-element-populated\">\n\t\t\t\t\t\t<div class=\"elementor-element elementor-element-77b6c80 elementor-widget elementor-widget-text-editor\" data-id=\"77b6c80\" data-element_type=\"widget\" data-e-type=\"widget\" data-widget_type=\"text-editor.default\">\n\t\t\t\t<div class=\"elementor-widget-container\">\n\t\t\t\t\t\t\t\t\t<p><strong>Valencia:<\/strong>\u00a0 Av. Juan de la Cierva, 27,\u00a0 Edificio Wellness 1, 46980 Paterna, Valencia.<\/p>\t\t\t\t\t\t\t\t<\/div>\n\t\t\t\t<\/div>\n\t\t\t\t<div class=\"elementor-element elementor-element-cd5a715 elementor-widget elementor-widget-google_maps\" data-id=\"cd5a715\" data-element_type=\"widget\" data-e-type=\"widget\" data-widget_type=\"google_maps.default\">\n\t\t\t\t<div class=\"elementor-widget-container\">\n\t\t\t\t\t\t\t<div class=\"elementor-custom-embed\">\n\t\t\t<iframe loading=\"lazy\"\n\t\t\t\t\tsrc=\"https:\/\/maps.google.com\/maps?q=Carrer%20de%20la%20Juan%20de%20la%20Cierva%20i%20Codorniu%2027%2C%20Paterna&#038;t=m&#038;z=14&#038;output=embed&#038;iwloc=near\"\n\t\t\t\t\ttitle=\"Carrer de la Juan de la Cierva i Codorniu 27, Paterna\"\n\t\t\t\t\taria-label=\"Carrer de la Juan de la Cierva i Codorniu 27, Paterna\"\n\t\t\t><\/iframe>\n\t\t<\/div>\n\t\t\t\t\t\t<\/div>\n\t\t\t\t<\/div>\n\t\t\t\t\t<\/div>\n\t\t<\/div>\n\t\t\t\t\t<\/div>\n\t\t<\/section>\n\t\t\t\t<section class=\"elementor-section elementor-top-section elementor-element elementor-element-b8ead33 ct-section-stretched elementor-section-full_width elementor-section-height-default elementor-section-height-default\" data-id=\"b8ead33\" data-element_type=\"section\" data-e-type=\"section\" data-settings=\"{&quot;background_background&quot;:&quot;classic&quot;}\">\n\t\t\t\t\t\t<div class=\"elementor-container elementor-column-gap-default\">\n\t\t\t\t\t<div class=\"elementor-column elementor-col-100 elementor-top-column elementor-element elementor-element-f813bf8\" data-id=\"f813bf8\" data-element_type=\"column\" data-e-type=\"column\">\n\t\t\t<div class=\"elementor-widget-wrap\">\n\t\t\t\t\t\t\t<\/div>\n\t\t<\/div>\n\t\t\t\t\t<\/div>\n\t\t<\/section>\n\t\t\t\t<\/div>\n\t\t","protected":false},"excerpt":{"rendered":"<p>En Espagne, plus\u00a0 de 400 personnes meurent chaque ann\u00e9e par noyade. \u00a0 70% des d\u00e9c\u00e8s surviennent dans des piscines ocurren en piscines priv\u00e9es ou scolaires.\u00a0 Des dl\u00e9sions c\u00e9r\u00e9brales peuvent survenir en 30 secondes. Je veux en savoir plus sur nagi Contact direct Si vous pr\u00e9f\u00e9rez nous contacter par e-mail, veuillez nous \u00e9crire et nous\u00a0 vous [&hellip;]<\/p>\n","protected":false},"author":2,"featured_media":0,"parent":0,"menu_order":0,"comment_status":"closed","ping_status":"closed","template":"","meta":{"_monsterinsights_skip_tracking":false,"_monsterinsights_sitenote_active":false,"_monsterinsights_sitenote_note":"","_monsterinsights_sitenote_category":0,"footnotes":""},"class_list":["post-2465","page","type-page","status-publish","hentry"],"blocksy_meta":{"styles_descriptor":{"styles":{"desktop":"","tablet":"","mobile":""},"google_fonts":[],"version":6}},"yoast_head":"<!-- This site is optimized with the Yoast SEO plugin v27.3 - https:\/\/yoast.com\/product\/yoast-seo-wordpress\/ -->\n<title>Contact \u2013 Talk to the Team - nagi<\/title>\n<meta name=\"description\" content=\"Want to learn more about aquatic safety solutions? Contact Nagi for schools, municipal pools, or sports centers.\" \/>\n<meta name=\"robots\" content=\"index, follow, max-snippet:-1, max-image-preview:large, max-video-preview:-1\" \/>\n<link rel=\"canonical\" href=\"https:\/\/nagi.es\/donde-estamos\" \/>\n<meta property=\"og:locale\" content=\"fr_FR\" \/>\n<meta property=\"og:type\" content=\"article\" \/>\n<meta property=\"og:title\" content=\"Contact \u2013 Talk to the Team - nagi\" \/>\n<meta property=\"og:description\" content=\"Want to learn more about aquatic safety solutions? Contact Nagi for schools, municipal pools, or sports centers.\" \/>\n<meta property=\"og:url\" content=\"https:\/\/nagi.es\/donde-estamos\" \/>\n<meta property=\"og:site_name\" content=\"nagi\" \/>\n<meta property=\"article:modified_time\" content=\"2025-12-15T23:50:15+00:00\" \/>\n<meta name=\"twitter:card\" content=\"summary_large_image\" \/>\n<meta name=\"twitter:label1\" content=\"Dur\u00e9e de lecture estim\u00e9e\" \/>\n\t<meta name=\"twitter:data1\" content=\"1 minute\" \/>\n<script type=\"application\/ld+json\" class=\"yoast-schema-graph\">{\"@context\":\"https:\\\/\\\/schema.org\",\"@graph\":[{\"@type\":\"WebPage\",\"@id\":\"https:\\\/\\\/nagi.es\\\/donde-estamos\",\"url\":\"https:\\\/\\\/nagi.es\\\/donde-estamos\",\"name\":\"Contact \u2013 Talk to the Team - nagi\",\"isPartOf\":{\"@id\":\"https:\\\/\\\/nagi.es\\\/#website\"},\"datePublished\":\"2025-02-11T11:51:53+00:00\",\"dateModified\":\"2025-12-15T23:50:15+00:00\",\"description\":\"Want to learn more about aquatic safety solutions? Contact Nagi for schools, municipal pools, or sports centers.\",\"breadcrumb\":{\"@id\":\"https:\\\/\\\/nagi.es\\\/donde-estamos#breadcrumb\"},\"inLanguage\":\"fr-FR\",\"potentialAction\":[{\"@type\":\"ReadAction\",\"target\":[\"https:\\\/\\\/nagi.es\\\/donde-estamos\"]}]},{\"@type\":\"BreadcrumbList\",\"@id\":\"https:\\\/\\\/nagi.es\\\/donde-estamos#breadcrumb\",\"itemListElement\":[{\"@type\":\"ListItem\",\"position\":1,\"name\":\"Home\",\"item\":\"https:\\\/\\\/nagi.es\\\/fr\"},{\"@type\":\"ListItem\",\"position\":2,\"name\":\"Ou nous sommes\"}]},{\"@type\":\"WebSite\",\"@id\":\"https:\\\/\\\/nagi.es\\\/#website\",\"url\":\"https:\\\/\\\/nagi.es\\\/\",\"name\":\"nagi\",\"description\":\"Smartpools\",\"publisher\":{\"@id\":\"https:\\\/\\\/nagi.es\\\/#organization\"},\"potentialAction\":[{\"@type\":\"SearchAction\",\"target\":{\"@type\":\"EntryPoint\",\"urlTemplate\":\"https:\\\/\\\/nagi.es\\\/?s={search_term_string}\"},\"query-input\":{\"@type\":\"PropertyValueSpecification\",\"valueRequired\":true,\"valueName\":\"search_term_string\"}}],\"inLanguage\":\"fr-FR\"},{\"@type\":\"Organization\",\"@id\":\"https:\\\/\\\/nagi.es\\\/#organization\",\"name\":\"nagi\",\"url\":\"https:\\\/\\\/nagi.es\\\/\",\"logo\":{\"@type\":\"ImageObject\",\"inLanguage\":\"fr-FR\",\"@id\":\"https:\\\/\\\/nagi.es\\\/#\\\/schema\\\/logo\\\/image\\\/\",\"url\":\"https:\\\/\\\/i0.wp.com\\\/nagi.es\\\/wp-content\\\/uploads\\\/2021\\\/03\\\/grey-copy.png?fit=997%2C499&ssl=1\",\"contentUrl\":\"https:\\\/\\\/i0.wp.com\\\/nagi.es\\\/wp-content\\\/uploads\\\/2021\\\/03\\\/grey-copy.png?fit=997%2C499&ssl=1\",\"width\":997,\"height\":499,\"caption\":\"nagi\"},\"image\":{\"@id\":\"https:\\\/\\\/nagi.es\\\/#\\\/schema\\\/logo\\\/image\\\/\"}}]}<\/script>\n<!-- \/ Yoast SEO plugin. -->","yoast_head_json":{"title":"Contact \u2013 Talk to the Team - nagi","description":"Want to learn more about aquatic safety solutions? Contact Nagi for schools, municipal pools, or sports centers.","robots":{"index":"index","follow":"follow","max-snippet":"max-snippet:-1","max-image-preview":"max-image-preview:large","max-video-preview":"max-video-preview:-1"},"canonical":"https:\/\/nagi.es\/donde-estamos","og_locale":"fr_FR","og_type":"article","og_title":"Contact \u2013 Talk to the Team - nagi","og_description":"Want to learn more about aquatic safety solutions? Contact Nagi for schools, municipal pools, or sports centers.","og_url":"https:\/\/nagi.es\/donde-estamos","og_site_name":"nagi","article_modified_time":"2025-12-15T23:50:15+00:00","twitter_card":"summary_large_image","twitter_misc":{"Dur\u00e9e de lecture estim\u00e9e":"1 minute"},"schema":{"@context":"https:\/\/schema.org","@graph":[{"@type":"WebPage","@id":"https:\/\/nagi.es\/donde-estamos","url":"https:\/\/nagi.es\/donde-estamos","name":"Contact \u2013 Talk to the Team - nagi","isPartOf":{"@id":"https:\/\/nagi.es\/#website"},"datePublished":"2025-02-11T11:51:53+00:00","dateModified":"2025-12-15T23:50:15+00:00","description":"Want to learn more about aquatic safety solutions? Contact Nagi for schools, municipal pools, or sports centers.","breadcrumb":{"@id":"https:\/\/nagi.es\/donde-estamos#breadcrumb"},"inLanguage":"fr-FR","potentialAction":[{"@type":"ReadAction","target":["https:\/\/nagi.es\/donde-estamos"]}]},{"@type":"BreadcrumbList","@id":"https:\/\/nagi.es\/donde-estamos#breadcrumb","itemListElement":[{"@type":"ListItem","position":1,"name":"Home","item":"https:\/\/nagi.es\/fr"},{"@type":"ListItem","position":2,"name":"Ou nous sommes"}]},{"@type":"WebSite","@id":"https:\/\/nagi.es\/#website","url":"https:\/\/nagi.es\/","name":"nagi","description":"Smartpools","publisher":{"@id":"https:\/\/nagi.es\/#organization"},"potentialAction":[{"@type":"SearchAction","target":{"@type":"EntryPoint","urlTemplate":"https:\/\/nagi.es\/?s={search_term_string}"},"query-input":{"@type":"PropertyValueSpecification","valueRequired":true,"valueName":"search_term_string"}}],"inLanguage":"fr-FR"},{"@type":"Organization","@id":"https:\/\/nagi.es\/#organization","name":"nagi","url":"https:\/\/nagi.es\/","logo":{"@type":"ImageObject","inLanguage":"fr-FR","@id":"https:\/\/nagi.es\/#\/schema\/logo\/image\/","url":"https:\/\/i0.wp.com\/nagi.es\/wp-content\/uploads\/2021\/03\/grey-copy.png?fit=997%2C499&ssl=1","contentUrl":"https:\/\/i0.wp.com\/nagi.es\/wp-content\/uploads\/2021\/03\/grey-copy.png?fit=997%2C499&ssl=1","width":997,"height":499,"caption":"nagi"},"image":{"@id":"https:\/\/nagi.es\/#\/schema\/logo\/image\/"}}]}},"jetpack_sharing_enabled":true,"_links":{"self":[{"href":"https:\/\/nagi.es\/fr\/wp-json\/wp\/v2\/pages\/2465","targetHints":{"allow":["GET"]}}],"collection":[{"href":"https:\/\/nagi.es\/fr\/wp-json\/wp\/v2\/pages"}],"about":[{"href":"https:\/\/nagi.es\/fr\/wp-json\/wp\/v2\/types\/page"}],"author":[{"embeddable":true,"href":"https:\/\/nagi.es\/fr\/wp-json\/wp\/v2\/users\/2"}],"replies":[{"embeddable":true,"href":"https:\/\/nagi.es\/fr\/wp-json\/wp\/v2\/comments?post=2465"}],"version-history":[{"count":10,"href":"https:\/\/nagi.es\/fr\/wp-json\/wp\/v2\/pages\/2465\/revisions"}],"predecessor-version":[{"id":5747,"href":"https:\/\/nagi.es\/fr\/wp-json\/wp\/v2\/pages\/2465\/revisions\/5747"}],"wp:attachment":[{"href":"https:\/\/nagi.es\/fr\/wp-json\/wp\/v2\/media?parent=2465"}],"curies":[{"name":"wp","href":"https:\/\/api.w.org\/{rel}","templated":true}]}}