{"id":5001,"date":"2025-06-17T15:03:05","date_gmt":"2025-06-17T15:03:05","guid":{"rendered":"https:\/\/nagi.es\/blog"},"modified":"2025-06-19T10:27:02","modified_gmt":"2025-06-19T10:27:02","slug":"blog","status":"publish","type":"page","link":"https:\/\/nagi.es\/fr\/blog","title":{"rendered":"Blog"},"content":{"rendered":"\t\t<div data-elementor-type=\"wp-page\" data-elementor-id=\"5001\" class=\"elementor elementor-5001\" data-elementor-post-type=\"page\">\n\t\t\t\t\t\t<section class=\"elementor-section elementor-top-section elementor-element elementor-element-e4d85ea elementor-section-boxed elementor-section-height-default elementor-section-height-default\" data-id=\"e4d85ea\" data-element_type=\"section\" data-e-type=\"section\">\n\t\t\t\t\t\t<div class=\"elementor-container elementor-column-gap-default\">\n\t\t\t\t\t<div class=\"elementor-column elementor-col-100 elementor-top-column elementor-element elementor-element-257ba62\" data-id=\"257ba62\" data-element_type=\"column\" data-e-type=\"column\">\n\t\t\t<div class=\"elementor-widget-wrap elementor-element-populated\">\n\t\t\t\t\t\t<div class=\"elementor-element elementor-element-85ad199 elementor-widget elementor-widget-heading\" data-id=\"85ad199\" data-element_type=\"widget\" data-e-type=\"widget\" data-widget_type=\"heading.default\">\n\t\t\t\t<div class=\"elementor-widget-container\">\n\t\t\t\t\t<h1 class=\"elementor-heading-title elementor-size-default\">Blog nagi <\/h1>\t\t\t\t<\/div>\n\t\t\t\t<\/div>\n\t\t\t\t<div class=\"elementor-element elementor-element-3399991 elementor-widget-divider--view-line elementor-widget elementor-widget-divider\" data-id=\"3399991\" data-element_type=\"widget\" data-e-type=\"widget\" data-widget_type=\"divider.default\">\n\t\t\t\t<div class=\"elementor-widget-container\">\n\t\t\t\t\t\t\t<div class=\"elementor-divider\">\n\t\t\t<span class=\"elementor-divider-separator\">\n\t\t\t\t\t\t<\/span>\n\t\t<\/div>\n\t\t\t\t\t\t<\/div>\n\t\t\t\t<\/div>\n\t\t\t\t\t<\/div>\n\t\t<\/div>\n\t\t\t\t\t<\/div>\n\t\t<\/section>\n\t\t\t\t<section class=\"elementor-section elementor-top-section elementor-element elementor-element-8b2f999 elementor-section-boxed elementor-section-height-default elementor-section-height-default\" data-id=\"8b2f999\" data-element_type=\"section\" data-e-type=\"section\">\n\t\t\t\t\t\t<div class=\"elementor-container elementor-column-gap-default\">\n\t\t\t\t\t<div class=\"elementor-column elementor-col-100 elementor-top-column elementor-element elementor-element-7c38fb5\" data-id=\"7c38fb5\" data-element_type=\"column\" data-e-type=\"column\">\n\t\t\t<div class=\"elementor-widget-wrap elementor-element-populated\">\n\t\t\t\t\t\t\t<\/div>\n\t\t<\/div>\n\t\t\t\t\t<\/div>\n\t\t<\/section>\n\t\t\t\t<section class=\"elementor-section elementor-top-section elementor-element elementor-element-f2145a3 elementor-section-boxed elementor-section-height-default elementor-section-height-default\" data-id=\"f2145a3\" data-element_type=\"section\" data-e-type=\"section\">\n\t\t\t\t\t\t<div class=\"elementor-container elementor-column-gap-default\">\n\t\t\t\t\t<div class=\"elementor-column elementor-col-100 elementor-top-column elementor-element elementor-element-172d8f5\" data-id=\"172d8f5\" data-element_type=\"column\" data-e-type=\"column\">\n\t\t\t<div class=\"elementor-widget-wrap elementor-element-populated\">\n\t\t\t\t\t\t<div class=\"elementor-element elementor-element-fc78fa3 elementor-widget elementor-widget-spacer\" data-id=\"fc78fa3\" data-element_type=\"widget\" data-e-type=\"widget\" data-widget_type=\"spacer.default\">\n\t\t\t\t<div class=\"elementor-widget-container\">\n\t\t\t\t\t\t\t<div class=\"elementor-spacer\">\n\t\t\t<div class=\"elementor-spacer-inner\"><\/div>\n\t\t<\/div>\n\t\t\t\t\t\t<\/div>\n\t\t\t\t<\/div>\n\t\t\t\t\t<\/div>\n\t\t<\/div>\n\t\t\t\t\t<\/div>\n\t\t<\/section>\n\t\t\t\t<section class=\"elementor-section elementor-top-section elementor-element elementor-element-b7edb42 ct-section-stretched elementor-section-height-min-height elementor-section-boxed elementor-section-height-default elementor-section-items-middle\" data-id=\"b7edb42\" data-element_type=\"section\" data-e-type=\"section\" data-settings=\"{&quot;background_background&quot;:&quot;classic&quot;}\">\n\t\t\t\t\t\t<div class=\"elementor-container elementor-column-gap-default\">\n\t\t\t\t\t<div class=\"elementor-column elementor-col-100 elementor-top-column elementor-element elementor-element-ec7093a\" data-id=\"ec7093a\" data-element_type=\"column\" data-e-type=\"column\">\n\t\t\t<div class=\"elementor-widget-wrap elementor-element-populated\">\n\t\t\t\t\t\t<div class=\"elementor-element elementor-element-6341027 elementor-widget elementor-widget-heading\" data-id=\"6341027\" data-element_type=\"widget\" data-e-type=\"widget\" data-widget_type=\"heading.default\">\n\t\t\t\t<div class=\"elementor-widget-container\">\n\t\t\t\t\t<h2 class=\"elementor-heading-title elementor-size-default\">nagi rehausse votre exp\u00e9rience de la piscine<\/h2>\t\t\t\t<\/div>\n\t\t\t\t<\/div>\n\t\t\t\t<div class=\"elementor-element elementor-element-daeddaa elementor-widget elementor-widget-text-editor\" data-id=\"daeddaa\" data-element_type=\"widget\" data-e-type=\"widget\" data-widget_type=\"text-editor.default\">\n\t\t\t\t<div class=\"elementor-widget-container\">\n\t\t\t\t\t\t\t\t\t<p>Vous voulez franchir le pas ?<\/p>\t\t\t\t\t\t\t\t<\/div>\n\t\t\t\t<\/div>\n\t\t\t\t<div class=\"elementor-element elementor-element-29cc352 elementor-align-center elementor-widget elementor-widget-button\" data-id=\"29cc352\" data-element_type=\"widget\" data-e-type=\"widget\" data-widget_type=\"button.default\">\n\t\t\t\t<div class=\"elementor-widget-container\">\n\t\t\t\t\t\t\t\t\t<div class=\"elementor-button-wrapper\">\n\t\t\t\t\t<a class=\"elementor-button elementor-button-link elementor-size-sm\" href=\"https:\/\/nagi.es\/donde-estamos?lang=es\">\n\t\t\t\t\t\t<span class=\"elementor-button-content-wrapper\">\n\t\t\t\t\t\t\t\t\t<span class=\"elementor-button-text\">Contactez nous<\/span>\n\t\t\t\t\t<\/span>\n\t\t\t\t\t<\/a>\n\t\t\t\t<\/div>\n\t\t\t\t\t\t\t\t<\/div>\n\t\t\t\t<\/div>\n\t\t\t\t\t<\/div>\n\t\t<\/div>\n\t\t\t\t\t<\/div>\n\t\t<\/section>\n\t\t\t\t<\/div>\n\t\t","protected":false},"excerpt":{"rendered":"<p>Blog nagi nagi rehausse votre exp\u00e9rience de la piscine Vous voulez franchir le pas ? Contactez nous<\/p>\n","protected":false},"author":2,"featured_media":0,"parent":0,"menu_order":0,"comment_status":"closed","ping_status":"closed","template":"","meta":{"_monsterinsights_skip_tracking":false,"_monsterinsights_sitenote_active":false,"_monsterinsights_sitenote_note":"","_monsterinsights_sitenote_category":0,"footnotes":""},"class_list":["post-5001","page","type-page","status-publish","hentry"],"blocksy_meta":{"styles_descriptor":{"styles":{"desktop":"","tablet":"","mobile":""},"google_fonts":[],"version":6}},"yoast_head":"<!-- This site is optimized with the Yoast SEO plugin v27.3 - https:\/\/yoast.com\/product\/yoast-seo-wordpress\/ -->\n<title>Blog nagi : s\u00e9curit\u00e9, technologie et \u00e9ducation aquatique - nagi<\/title>\n<meta name=\"description\" content=\"Articles sur la pr\u00e9vention, les piscines intelligentes, les \u00e9coles et la s\u00e9curit\u00e9 aquatique au quotidien.\" \/>\n<meta name=\"robots\" content=\"index, follow, max-snippet:-1, max-image-preview:large, max-video-preview:-1\" \/>\n<link rel=\"canonical\" href=\"https:\/\/nagi.es\/fr\/blog\" \/>\n<meta property=\"og:locale\" content=\"fr_FR\" \/>\n<meta property=\"og:type\" content=\"article\" \/>\n<meta property=\"og:title\" content=\"Blog nagi : s\u00e9curit\u00e9, technologie et \u00e9ducation aquatique - nagi\" \/>\n<meta property=\"og:description\" content=\"Articles sur la pr\u00e9vention, les piscines intelligentes, les \u00e9coles et la s\u00e9curit\u00e9 aquatique au quotidien.\" \/>\n<meta property=\"og:url\" content=\"https:\/\/nagi.es\/fr\/blog\" \/>\n<meta property=\"og:site_name\" content=\"nagi\" \/>\n<meta property=\"article:modified_time\" content=\"2025-06-19T10:27:02+00:00\" \/>\n<meta name=\"twitter:card\" content=\"summary_large_image\" \/>\n<meta name=\"twitter:label1\" content=\"Dur\u00e9e de lecture estim\u00e9e\" \/>\n\t<meta name=\"twitter:data1\" content=\"1 minute\" \/>\n<script type=\"application\/ld+json\" class=\"yoast-schema-graph\">{\"@context\":\"https:\\\/\\\/schema.org\",\"@graph\":[{\"@type\":\"WebPage\",\"@id\":\"https:\\\/\\\/nagi.es\\\/fr\\\/blog\",\"url\":\"https:\\\/\\\/nagi.es\\\/fr\\\/blog\",\"name\":\"Blog nagi : s\u00e9curit\u00e9, technologie et \u00e9ducation aquatique - nagi\",\"isPartOf\":{\"@id\":\"https:\\\/\\\/nagi.es\\\/#website\"},\"datePublished\":\"2025-06-17T15:03:05+00:00\",\"dateModified\":\"2025-06-19T10:27:02+00:00\",\"description\":\"Articles sur la pr\u00e9vention, les piscines intelligentes, les \u00e9coles et la s\u00e9curit\u00e9 aquatique au quotidien.\",\"breadcrumb\":{\"@id\":\"https:\\\/\\\/nagi.es\\\/fr\\\/blog#breadcrumb\"},\"inLanguage\":\"fr-FR\",\"potentialAction\":[{\"@type\":\"ReadAction\",\"target\":[\"https:\\\/\\\/nagi.es\\\/fr\\\/blog\"]}]},{\"@type\":\"BreadcrumbList\",\"@id\":\"https:\\\/\\\/nagi.es\\\/fr\\\/blog#breadcrumb\",\"itemListElement\":[{\"@type\":\"ListItem\",\"position\":1,\"name\":\"Home\",\"item\":\"https:\\\/\\\/nagi.es\\\/fr\"},{\"@type\":\"ListItem\",\"position\":2,\"name\":\"Blog\"}]},{\"@type\":\"WebSite\",\"@id\":\"https:\\\/\\\/nagi.es\\\/#website\",\"url\":\"https:\\\/\\\/nagi.es\\\/\",\"name\":\"nagi\",\"description\":\"Smartpools\",\"publisher\":{\"@id\":\"https:\\\/\\\/nagi.es\\\/#organization\"},\"potentialAction\":[{\"@type\":\"SearchAction\",\"target\":{\"@type\":\"EntryPoint\",\"urlTemplate\":\"https:\\\/\\\/nagi.es\\\/?s={search_term_string}\"},\"query-input\":{\"@type\":\"PropertyValueSpecification\",\"valueRequired\":true,\"valueName\":\"search_term_string\"}}],\"inLanguage\":\"fr-FR\"},{\"@type\":\"Organization\",\"@id\":\"https:\\\/\\\/nagi.es\\\/#organization\",\"name\":\"nagi\",\"url\":\"https:\\\/\\\/nagi.es\\\/\",\"logo\":{\"@type\":\"ImageObject\",\"inLanguage\":\"fr-FR\",\"@id\":\"https:\\\/\\\/nagi.es\\\/#\\\/schema\\\/logo\\\/image\\\/\",\"url\":\"https:\\\/\\\/i0.wp.com\\\/nagi.es\\\/wp-content\\\/uploads\\\/2021\\\/03\\\/grey-copy.png?fit=997%2C499&ssl=1\",\"contentUrl\":\"https:\\\/\\\/i0.wp.com\\\/nagi.es\\\/wp-content\\\/uploads\\\/2021\\\/03\\\/grey-copy.png?fit=997%2C499&ssl=1\",\"width\":997,\"height\":499,\"caption\":\"nagi\"},\"image\":{\"@id\":\"https:\\\/\\\/nagi.es\\\/#\\\/schema\\\/logo\\\/image\\\/\"}}]}<\/script>\n<!-- \/ Yoast SEO plugin. -->","yoast_head_json":{"title":"Blog nagi : s\u00e9curit\u00e9, technologie et \u00e9ducation aquatique - nagi","description":"Articles sur la pr\u00e9vention, les piscines intelligentes, les \u00e9coles et la s\u00e9curit\u00e9 aquatique au quotidien.","robots":{"index":"index","follow":"follow","max-snippet":"max-snippet:-1","max-image-preview":"max-image-preview:large","max-video-preview":"max-video-preview:-1"},"canonical":"https:\/\/nagi.es\/fr\/blog","og_locale":"fr_FR","og_type":"article","og_title":"Blog nagi : s\u00e9curit\u00e9, technologie et \u00e9ducation aquatique - nagi","og_description":"Articles sur la pr\u00e9vention, les piscines intelligentes, les \u00e9coles et la s\u00e9curit\u00e9 aquatique au quotidien.","og_url":"https:\/\/nagi.es\/fr\/blog","og_site_name":"nagi","article_modified_time":"2025-06-19T10:27:02+00:00","twitter_card":"summary_large_image","twitter_misc":{"Dur\u00e9e de lecture estim\u00e9e":"1 minute"},"schema":{"@context":"https:\/\/schema.org","@graph":[{"@type":"WebPage","@id":"https:\/\/nagi.es\/fr\/blog","url":"https:\/\/nagi.es\/fr\/blog","name":"Blog nagi : s\u00e9curit\u00e9, technologie et \u00e9ducation aquatique - nagi","isPartOf":{"@id":"https:\/\/nagi.es\/#website"},"datePublished":"2025-06-17T15:03:05+00:00","dateModified":"2025-06-19T10:27:02+00:00","description":"Articles sur la pr\u00e9vention, les piscines intelligentes, les \u00e9coles et la s\u00e9curit\u00e9 aquatique au quotidien.","breadcrumb":{"@id":"https:\/\/nagi.es\/fr\/blog#breadcrumb"},"inLanguage":"fr-FR","potentialAction":[{"@type":"ReadAction","target":["https:\/\/nagi.es\/fr\/blog"]}]},{"@type":"BreadcrumbList","@id":"https:\/\/nagi.es\/fr\/blog#breadcrumb","itemListElement":[{"@type":"ListItem","position":1,"name":"Home","item":"https:\/\/nagi.es\/fr"},{"@type":"ListItem","position":2,"name":"Blog"}]},{"@type":"WebSite","@id":"https:\/\/nagi.es\/#website","url":"https:\/\/nagi.es\/","name":"nagi","description":"Smartpools","publisher":{"@id":"https:\/\/nagi.es\/#organization"},"potentialAction":[{"@type":"SearchAction","target":{"@type":"EntryPoint","urlTemplate":"https:\/\/nagi.es\/?s={search_term_string}"},"query-input":{"@type":"PropertyValueSpecification","valueRequired":true,"valueName":"search_term_string"}}],"inLanguage":"fr-FR"},{"@type":"Organization","@id":"https:\/\/nagi.es\/#organization","name":"nagi","url":"https:\/\/nagi.es\/","logo":{"@type":"ImageObject","inLanguage":"fr-FR","@id":"https:\/\/nagi.es\/#\/schema\/logo\/image\/","url":"https:\/\/i0.wp.com\/nagi.es\/wp-content\/uploads\/2021\/03\/grey-copy.png?fit=997%2C499&ssl=1","contentUrl":"https:\/\/i0.wp.com\/nagi.es\/wp-content\/uploads\/2021\/03\/grey-copy.png?fit=997%2C499&ssl=1","width":997,"height":499,"caption":"nagi"},"image":{"@id":"https:\/\/nagi.es\/#\/schema\/logo\/image\/"}}]}},"jetpack_sharing_enabled":true,"_links":{"self":[{"href":"https:\/\/nagi.es\/fr\/wp-json\/wp\/v2\/pages\/5001","targetHints":{"allow":["GET"]}}],"collection":[{"href":"https:\/\/nagi.es\/fr\/wp-json\/wp\/v2\/pages"}],"about":[{"href":"https:\/\/nagi.es\/fr\/wp-json\/wp\/v2\/types\/page"}],"author":[{"embeddable":true,"href":"https:\/\/nagi.es\/fr\/wp-json\/wp\/v2\/users\/2"}],"replies":[{"embeddable":true,"href":"https:\/\/nagi.es\/fr\/wp-json\/wp\/v2\/comments?post=5001"}],"version-history":[{"count":4,"href":"https:\/\/nagi.es\/fr\/wp-json\/wp\/v2\/pages\/5001\/revisions"}],"predecessor-version":[{"id":5164,"href":"https:\/\/nagi.es\/fr\/wp-json\/wp\/v2\/pages\/5001\/revisions\/5164"}],"wp:attachment":[{"href":"https:\/\/nagi.es\/fr\/wp-json\/wp\/v2\/media?parent=5001"}],"curies":[{"name":"wp","href":"https:\/\/api.w.org\/{rel}","templated":true}]}}